{"id":2695,"date":"2025-04-24T11:22:04","date_gmt":"2025-04-24T14:22:04","guid":{"rendered":"https:\/\/bionovis.com.br\/requisicao-titulares-dados\/"},"modified":"2025-11-05T19:57:34","modified_gmt":"2025-11-05T22:57:34","slug":"request-of-data-holders","status":"publish","type":"page","link":"https:\/\/bionovis.com.br\/en\/request-of-data-holders\/","title":{"rendered":"Request of Data Holders"},"content":{"rendered":"\t\t<div data-elementor-type=\"wp-page\" data-elementor-id=\"2695\" class=\"elementor elementor-2695 elementor-1288\" data-elementor-settings=\"{&quot;ha_cmc_init_switcher&quot;:&quot;no&quot;}\" data-elementor-post-type=\"page\">\n\t\t\t\t<div class=\"elementor-element elementor-element-1b60329 e-flex e-con-boxed e-con e-parent\" data-id=\"1b60329\" data-element_type=\"container\" data-settings=\"{&quot;background_background&quot;:&quot;classic&quot;,&quot;_ha_eqh_enable&quot;:false}\">\n\t\t\t\t\t<div class=\"e-con-inner\">\n\t\t<div class=\"elementor-element elementor-element-b675066 e-con-full e-flex e-con e-child\" data-id=\"b675066\" data-element_type=\"container\" data-settings=\"{&quot;_ha_eqh_enable&quot;:false}\">\n\t\t\t\t<div class=\"elementor-element elementor-element-bd76064 elementor-widget elementor-widget-heading\" data-id=\"bd76064\" data-element_type=\"widget\" data-widget_type=\"heading.default\">\n\t\t\t\t<div class=\"elementor-widget-container\">\n\t\t\t\t\t<h1 class=\"elementor-heading-title elementor-size-default\">Requisi\u00e7\u00e3o dos <br>titulares dos dados<\/h1>\t\t\t\t<\/div>\n\t\t\t\t<\/div>\n\t\t\t\t<div class=\"elementor-element elementor-element-d1be0e5 elementor-align-left elementor-invisible elementor-widget elementor-widget-breadcrumbs\" data-id=\"d1be0e5\" data-element_type=\"widget\" data-settings=\"{&quot;_animation&quot;:&quot;fadeInUp&quot;}\" data-widget_type=\"breadcrumbs.default\">\n\t\t\t\t<div class=\"elementor-widget-container\">\n\t\t\t\t\t<p id=\"breadcrumbs\"><span><span><a href=\"https:\/\/bionovis.com.br\/en\/\">Home<\/a><\/span><\/span><\/p>\t\t\t\t<\/div>\n\t\t\t\t<\/div>\n\t\t\t\t<\/div>\n\t\t<div class=\"elementor-element elementor-element-5d7d53e e-con-full e-flex e-con e-child\" data-id=\"5d7d53e\" data-element_type=\"container\" data-settings=\"{&quot;background_background&quot;:&quot;classic&quot;,&quot;_ha_eqh_enable&quot;:false}\">\n\t\t\t\t<div class=\"elementor-element elementor-element-3172d22 elementor-widget elementor-widget-text-editor\" data-id=\"3172d22\" data-element_type=\"widget\" data-widget_type=\"text-editor.default\">\n\t\t\t\t<div class=\"elementor-widget-container\">\n\t\t\t\t\t\t\t\t\t<p><span style=\"font-weight: 400;\">Bionovis, as a company committed to compliance with the GPDPL, provides a form for requests.<\/span><\/p>\n\t\t\t\t\t\t\t\t<\/div>\n\t\t\t\t<\/div>\n\t\t\t\t<\/div>\n\t\t\t\t\t<\/div>\n\t\t\t\t<\/div>\n\t\t<div class=\"elementor-element elementor-element-69c034a8 e-flex e-con-boxed e-con e-parent\" data-id=\"69c034a8\" data-element_type=\"container\" data-settings=\"{&quot;background_background&quot;:&quot;classic&quot;,&quot;_ha_eqh_enable&quot;:false}\">\n\t\t\t\t\t<div class=\"e-con-inner\">\n\t\t<div class=\"elementor-element elementor-element-c979ac8 e-con-full e-flex e-con e-child\" data-id=\"c979ac8\" data-element_type=\"container\" data-settings=\"{&quot;_ha_eqh_enable&quot;:false}\">\n\t\t\t\t<div class=\"elementor-element elementor-element-18babac elementor-widget elementor-widget-heading\" data-id=\"18babac\" data-element_type=\"widget\" data-widget_type=\"heading.default\">\n\t\t\t\t<div class=\"elementor-widget-container\">\n\t\t\t\t\t<h2 class=\"elementor-heading-title elementor-size-default\">Introduction<\/h2>\t\t\t\t<\/div>\n\t\t\t\t<\/div>\n\t\t\t\t<div class=\"elementor-element elementor-element-a02d165 elementor-widget__width-initial animated-fast elementor-invisible elementor-widget elementor-widget-text-editor\" data-id=\"a02d165\" data-element_type=\"widget\" data-settings=\"{&quot;_animation&quot;:&quot;fadeInUp&quot;}\" data-widget_type=\"text-editor.default\">\n\t\t\t\t<div class=\"elementor-widget-container\">\n\t\t\t\t\t\t\t\t\t<p><span style=\"font-weight: 400;\">Requests from data subjects, as defined by the <\/span><span style=\"font-weight: 400;\">Brazilian Data Protection Law (LGPD)<\/span><span style=\"font-weight: 400;\">, <\/span><span style=\"font-weight: 400;\">refer to<\/span><span style=\"font-weight: 400;\"> individuals to whom the data <\/span><span style=\"font-weight: 400;\">belongs<\/span><span style=\"font-weight: 400;\">. They have the right to request a series of actions <\/span><span style=\"font-weight: 400;\">related <\/span><span style=\"font-weight: 400;\">to their personal data, ensuring that their privacy is respected and that their information is treated in accordance with the principles established by law.<\/span><\/p>\n<p><span style=\"font-weight: 400;\">One of the main aspects of data subjects\u2019 requests is the right to access their information. It means that data subjects have the right to request and receive clear and transparent information about how their data is being processed, for what purposes it is being used, and with whom it is being shared. This access is key for data subjects to understand and control the use of their personal information.<\/span><\/p>\n<p><span style=\"font-weight: 400;\">In addition to the right of access, data subjects also have the right to correct inaccurate or incomplete information, as well as to update outdated data. This ensures that the data maintained by organizations is accurate and up to date, <\/span><span style=\"font-weight: 400;\">properly <\/span><span style=\"font-weight: 400;\">reflecting the reality of each holder.<\/span><\/p>\n<p class=\"framer-text framer-styles-preset-kc3p5f\" data-styles-preset=\"bkEvQBaQL\"><span style=\"font-weight: 400;\">Bionovis, as a company committed to compliance with the <\/span><span style=\"font-weight: 400;\">LGPD<\/span><span style=\"font-weight: 400;\">, recognizes the importance of data subjects\u2019 requests. In accordance with the principles of the law, Bionovis allows data subjects to exercise their rights, including access, correction, deletion, and portability of their personal information. The company has clear policies and procedures in place to handle these requests efficiently and transparently, ensuring full respect for the privacy and rights of individuals. Bionovis\u2019 responsible for <\/span><span style=\"font-weight: 400;\">handling<\/span><span style=\"font-weight: 400;\"> data subject requests reinforces its commitment to data protection and to building trusting relationships with its customers and partners.<\/span><\/p>\n\t\t\t\t\t\t\t\t<\/div>\n\t\t\t\t<\/div>\n\t\t\t\t<div class=\"elementor-element elementor-element-9b57360 elementor-widget elementor-widget-heading\" data-id=\"9b57360\" data-element_type=\"widget\" data-widget_type=\"heading.default\">\n\t\t\t\t<div class=\"elementor-widget-container\">\n\t\t\t\t\t<h2 class=\"elementor-heading-title elementor-size-default\">Fa\u00e7a sua requisi\u00e7\u00e3o<\/h2>\t\t\t\t<\/div>\n\t\t\t\t<\/div>\n\t\t<div class=\"elementor-element elementor-element-5d9adbf e-con-full e-flex e-con e-child\" data-id=\"5d9adbf\" data-element_type=\"container\" data-settings=\"{&quot;_ha_eqh_enable&quot;:false}\">\n\t\t\t\t<div class=\"elementor-element elementor-element-6ec7321 elementor-widget elementor-widget-html\" data-id=\"6ec7321\" data-element_type=\"widget\" data-widget_type=\"html.default\">\n\t\t\t\t<div class=\"elementor-widget-container\">\n\t\t\t\t\t<script src=\"\/\/titulares.becompliance.com\/becompliance.js\" ><\/script><br><script>\r\n  becompliance_form.create_form({\r\n    client : 'aa362601-fe20-42a3-9f5c-f6a98cfea6f7',\r\n    form : '0ac4a5dd-3728-4a1f-8d23-bfff523fa8d7'\r\n  })\r\n<\/script><br><br><br>\t\t\t\t<\/div>\n\t\t\t\t<\/div>\n\t\t\t\t<\/div>\n\t\t\t\t<\/div>\n\t\t\t\t\t<\/div>\n\t\t\t\t<\/div>\n\t\t\t\t<\/div>\n\t\t","protected":false},"excerpt":{"rendered":"<p>Requisi\u00e7\u00e3o dos titulares dos dados Bionovis, as a company committed to compliance with the GPDPL, provides a form for requests. Introduction Requests from data subjects, as defined by the Brazilian Data Protection Law (LGPD), refer to individuals to whom the data belongs. They have the right to request a series of actions related to their [&hellip;]<\/p>\n","protected":false},"author":1,"featured_media":0,"parent":0,"menu_order":0,"comment_status":"closed","ping_status":"closed","template":"elementor_header_footer","meta":{"footnotes":""},"class_list":["post-2695","page","type-page","status-publish","hentry"],"yoast_head":"<!-- This site is optimized with the Yoast SEO Premium plugin v25.4 (Yoast SEO v25.4) - https:\/\/yoast.com\/wordpress\/plugins\/seo\/ -->\n<title>Request of Data Holders - Bionovis<\/title>\n<meta name=\"robots\" content=\"index, follow, max-snippet:-1, max-image-preview:large, max-video-preview:-1\" \/>\n<link rel=\"canonical\" href=\"https:\/\/bionovis.com.br\/requisicao-titulares-dados\/\" \/>\n<meta property=\"og:locale\" content=\"en_US\" \/>\n<meta property=\"og:type\" content=\"article\" \/>\n<meta property=\"og:title\" content=\"Request of Data Holders\" \/>\n<meta property=\"og:description\" content=\"Requisi\u00e7\u00e3o dos titulares dos dados Bionovis, as a company committed to compliance with the GPDPL, provides a form for requests. Introduction Requests from data subjects, as defined by the Brazilian Data Protection Law (LGPD), refer to individuals to whom the data belongs. They have the right to request a series of actions related to their [&hellip;]\" \/>\n<meta property=\"og:url\" content=\"https:\/\/bionovis.com.br\/requisicao-titulares-dados\/\" \/>\n<meta property=\"og:site_name\" content=\"Bionovis\" \/>\n<meta property=\"article:modified_time\" content=\"2025-11-05T22:57:34+00:00\" \/>\n<meta name=\"twitter:card\" content=\"summary_large_image\" \/>\n<meta name=\"twitter:label1\" content=\"Est. reading time\" \/>\n\t<meta name=\"twitter:data1\" content=\"2 minutes\" \/>\n<script type=\"application\/ld+json\" class=\"yoast-schema-graph\">{\"@context\":\"https:\/\/schema.org\",\"@graph\":[{\"@type\":\"WebPage\",\"@id\":\"https:\/\/bionovis.com.br\/requisicao-titulares-dados\/\",\"url\":\"https:\/\/bionovis.com.br\/requisicao-titulares-dados\/\",\"name\":\"Request of Data Holders - Bionovis\",\"isPartOf\":{\"@id\":\"https:\/\/bionovis.com.br\/#website\"},\"datePublished\":\"2025-04-24T14:22:04+00:00\",\"dateModified\":\"2025-11-05T22:57:34+00:00\",\"breadcrumb\":{\"@id\":\"https:\/\/bionovis.com.br\/requisicao-titulares-dados\/#breadcrumb\"},\"inLanguage\":\"en-US\",\"potentialAction\":[{\"@type\":\"ReadAction\",\"target\":[\"https:\/\/bionovis.com.br\/requisicao-titulares-dados\/\"]}]},{\"@type\":\"BreadcrumbList\",\"@id\":\"https:\/\/bionovis.com.br\/requisicao-titulares-dados\/#breadcrumb\",\"itemListElement\":[{\"@type\":\"ListItem\",\"position\":1,\"name\":\"Home\",\"item\":\"https:\/\/bionovis.com.br\/en\/\"},{\"@type\":\"ListItem\",\"position\":2,\"name\":\"Request of Data Holders\"}]},{\"@type\":\"WebSite\",\"@id\":\"https:\/\/bionovis.com.br\/#website\",\"url\":\"https:\/\/bionovis.com.br\/\",\"name\":\"Bionovis\",\"description\":\"A INOVA\u00c7\u00c3O NASCE AQUI\",\"publisher\":{\"@id\":\"https:\/\/bionovis.com.br\/#organization\"},\"potentialAction\":[{\"@type\":\"SearchAction\",\"target\":{\"@type\":\"EntryPoint\",\"urlTemplate\":\"https:\/\/bionovis.com.br\/?s={search_term_string}\"},\"query-input\":{\"@type\":\"PropertyValueSpecification\",\"valueRequired\":true,\"valueName\":\"search_term_string\"}}],\"inLanguage\":\"en-US\"},{\"@type\":\"Organization\",\"@id\":\"https:\/\/bionovis.com.br\/#organization\",\"name\":\"Bionovis\",\"url\":\"https:\/\/bionovis.com.br\/\",\"logo\":{\"@type\":\"ImageObject\",\"inLanguage\":\"en-US\",\"@id\":\"https:\/\/bionovis.com.br\/#\/schema\/logo\/image\/\",\"url\":\"https:\/\/bionovis.com.br\/wp-content\/uploads\/2025\/04\/BIONOVIS.svg\",\"contentUrl\":\"https:\/\/bionovis.com.br\/wp-content\/uploads\/2025\/04\/BIONOVIS.svg\",\"caption\":\"Bionovis\"},\"image\":{\"@id\":\"https:\/\/bionovis.com.br\/#\/schema\/logo\/image\/\"}}]}<\/script>\n<!-- \/ Yoast SEO Premium plugin. -->","yoast_head_json":{"title":"Request of Data Holders - Bionovis","robots":{"index":"index","follow":"follow","max-snippet":"max-snippet:-1","max-image-preview":"max-image-preview:large","max-video-preview":"max-video-preview:-1"},"canonical":"https:\/\/bionovis.com.br\/requisicao-titulares-dados\/","og_locale":"en_US","og_type":"article","og_title":"Request of Data Holders","og_description":"Requisi\u00e7\u00e3o dos titulares dos dados Bionovis, as a company committed to compliance with the GPDPL, provides a form for requests. Introduction Requests from data subjects, as defined by the Brazilian Data Protection Law (LGPD), refer to individuals to whom the data belongs. They have the right to request a series of actions related to their [&hellip;]","og_url":"https:\/\/bionovis.com.br\/requisicao-titulares-dados\/","og_site_name":"Bionovis","article_modified_time":"2025-11-05T22:57:34+00:00","twitter_card":"summary_large_image","twitter_misc":{"Est. reading time":"2 minutes"},"schema":{"@context":"https:\/\/schema.org","@graph":[{"@type":"WebPage","@id":"https:\/\/bionovis.com.br\/requisicao-titulares-dados\/","url":"https:\/\/bionovis.com.br\/requisicao-titulares-dados\/","name":"Request of Data Holders - Bionovis","isPartOf":{"@id":"https:\/\/bionovis.com.br\/#website"},"datePublished":"2025-04-24T14:22:04+00:00","dateModified":"2025-11-05T22:57:34+00:00","breadcrumb":{"@id":"https:\/\/bionovis.com.br\/requisicao-titulares-dados\/#breadcrumb"},"inLanguage":"en-US","potentialAction":[{"@type":"ReadAction","target":["https:\/\/bionovis.com.br\/requisicao-titulares-dados\/"]}]},{"@type":"BreadcrumbList","@id":"https:\/\/bionovis.com.br\/requisicao-titulares-dados\/#breadcrumb","itemListElement":[{"@type":"ListItem","position":1,"name":"Home","item":"https:\/\/bionovis.com.br\/en\/"},{"@type":"ListItem","position":2,"name":"Request of Data Holders"}]},{"@type":"WebSite","@id":"https:\/\/bionovis.com.br\/#website","url":"https:\/\/bionovis.com.br\/","name":"Bionovis","description":"A INOVA\u00c7\u00c3O NASCE AQUI","publisher":{"@id":"https:\/\/bionovis.com.br\/#organization"},"potentialAction":[{"@type":"SearchAction","target":{"@type":"EntryPoint","urlTemplate":"https:\/\/bionovis.com.br\/?s={search_term_string}"},"query-input":{"@type":"PropertyValueSpecification","valueRequired":true,"valueName":"search_term_string"}}],"inLanguage":"en-US"},{"@type":"Organization","@id":"https:\/\/bionovis.com.br\/#organization","name":"Bionovis","url":"https:\/\/bionovis.com.br\/","logo":{"@type":"ImageObject","inLanguage":"en-US","@id":"https:\/\/bionovis.com.br\/#\/schema\/logo\/image\/","url":"https:\/\/bionovis.com.br\/wp-content\/uploads\/2025\/04\/BIONOVIS.svg","contentUrl":"https:\/\/bionovis.com.br\/wp-content\/uploads\/2025\/04\/BIONOVIS.svg","caption":"Bionovis"},"image":{"@id":"https:\/\/bionovis.com.br\/#\/schema\/logo\/image\/"}}]}},"_links":{"self":[{"href":"https:\/\/bionovis.com.br\/en\/wp-json\/wp\/v2\/pages\/2695","targetHints":{"allow":["GET"]}}],"collection":[{"href":"https:\/\/bionovis.com.br\/en\/wp-json\/wp\/v2\/pages"}],"about":[{"href":"https:\/\/bionovis.com.br\/en\/wp-json\/wp\/v2\/types\/page"}],"author":[{"embeddable":true,"href":"https:\/\/bionovis.com.br\/en\/wp-json\/wp\/v2\/users\/1"}],"replies":[{"embeddable":true,"href":"https:\/\/bionovis.com.br\/en\/wp-json\/wp\/v2\/comments?post=2695"}],"version-history":[{"count":0,"href":"https:\/\/bionovis.com.br\/en\/wp-json\/wp\/v2\/pages\/2695\/revisions"}],"wp:attachment":[{"href":"https:\/\/bionovis.com.br\/en\/wp-json\/wp\/v2\/media?parent=2695"}],"curies":[{"name":"wp","href":"https:\/\/api.w.org\/{rel}","templated":true}]}}